{"id":11,"date":"2025-03-05T22:11:27","date_gmt":"2025-03-05T22:11:27","guid":{"rendered":"https:\/\/amrabratovcic.com\/?page_id=11"},"modified":"2025-11-11T12:26:38","modified_gmt":"2025-11-11T12:26:38","slug":"dr-amra-bratovcic","status":"publish","type":"page","link":"https:\/\/amrabratovcic.com\/bs\/","title":{"rendered":"Prof. dr. sc. Amra Bratov\u010di\u0107"},"content":{"rendered":"<h4 class=\"wp-block-heading has-text-align-center\"><strong><mark style=\"background-color:rgba(0, 0, 0, 0)\" class=\"has-inline-color has-vivid-cyan-blue-color\">Dobrodo\u0161li na slu\u017ebenu web stranicu Prof. dr. sc. Amre Bratov\u010di\u0107!<\/mark><\/strong><\/h4>\n\n\n<div class=\"wp-block-image is-style-default rounded-image\">\n<figure class=\"aligncenter size-full is-resized\"><img fetchpriority=\"high\" decoding=\"async\" width=\"852\" height=\"416\" src=\"https:\/\/amrabratovcic.com\/wp-content\/uploads\/2025\/03\/824dd13e-297a-4c3f-86a8-7365819d8484amra-bratovcic.jpg\" alt=\"\" class=\"wp-image-209\" style=\"width:722px;height:auto\" srcset=\"https:\/\/amrabratovcic.com\/wp-content\/uploads\/2025\/03\/824dd13e-297a-4c3f-86a8-7365819d8484amra-bratovcic.jpg 852w, https:\/\/amrabratovcic.com\/wp-content\/uploads\/2025\/03\/824dd13e-297a-4c3f-86a8-7365819d8484amra-bratovcic-300x146.jpg 300w, https:\/\/amrabratovcic.com\/wp-content\/uploads\/2025\/03\/824dd13e-297a-4c3f-86a8-7365819d8484amra-bratovcic-768x375.jpg 768w, https:\/\/amrabratovcic.com\/wp-content\/uploads\/2025\/03\/824dd13e-297a-4c3f-86a8-7365819d8484amra-bratovcic-18x9.jpg 18w\" sizes=\"(max-width: 852px) 100vw, 852px\" \/><\/figure>\n<\/div>\n\n\n<p class=\"has-text-align-center\"><br>Kao redovna profesorica na Tehnolo\u0161kom fakultetu Univerziteta u Tuzli, posve\u0107ena sam istra\u017eivanju i transferu znanja iz oblasti fizikalne hemije i elektrohemije. Kroz nau\u010dni rad, mentorstvo i projekte nastojim da inspiri\u0161em nove generacije studenata, istra\u017eiva\u010da i doprinesem razvoju hemijskih nauka.<\/p>\n\n\n\n<hr class=\"wp-block-separator has-alpha-channel-opacity is-style-wide\"\/>\n\n\n\n<h2 class=\"wp-block-heading has-text-align-center\">GALERIJA<\/h2>\n\n\n\n<figure class=\"wp-block-image size-large\"><img decoding=\"async\" width=\"1024\" height=\"592\" src=\"https:\/\/amrabratovcic.com\/wp-content\/uploads\/2025\/03\/Canva-training-in-Brussels-27.02.2025-1024x592.jpg\" alt=\"\" class=\"wp-image-154\" srcset=\"https:\/\/amrabratovcic.com\/wp-content\/uploads\/2025\/03\/Canva-training-in-Brussels-27.02.2025-1024x592.jpg 1024w, https:\/\/amrabratovcic.com\/wp-content\/uploads\/2025\/03\/Canva-training-in-Brussels-27.02.2025-300x174.jpg 300w, https:\/\/amrabratovcic.com\/wp-content\/uploads\/2025\/03\/Canva-training-in-Brussels-27.02.2025-768x444.jpg 768w, https:\/\/amrabratovcic.com\/wp-content\/uploads\/2025\/03\/Canva-training-in-Brussels-27.02.2025-1536x888.jpg 1536w, https:\/\/amrabratovcic.com\/wp-content\/uploads\/2025\/03\/Canva-training-in-Brussels-27.02.2025.jpg 1772w\" sizes=\"(max-width: 1024px) 100vw, 1024px\" \/><\/figure>\n\n\n\n<figure class=\"wp-block-image size-large\"><img decoding=\"async\" width=\"1024\" height=\"767\" src=\"https:\/\/amrabratovcic.com\/wp-content\/uploads\/2025\/03\/Amra-at-the-University-of-Granada-Carbon-materials-1024x767.png\" alt=\"\" class=\"wp-image-151\" srcset=\"https:\/\/amrabratovcic.com\/wp-content\/uploads\/2025\/03\/Amra-at-the-University-of-Granada-Carbon-materials-1024x767.png 1024w, https:\/\/amrabratovcic.com\/wp-content\/uploads\/2025\/03\/Amra-at-the-University-of-Granada-Carbon-materials-300x225.png 300w, https:\/\/amrabratovcic.com\/wp-content\/uploads\/2025\/03\/Amra-at-the-University-of-Granada-Carbon-materials-768x576.png 768w, https:\/\/amrabratovcic.com\/wp-content\/uploads\/2025\/03\/Amra-at-the-University-of-Granada-Carbon-materials-1536x1151.png 1536w, https:\/\/amrabratovcic.com\/wp-content\/uploads\/2025\/03\/Amra-at-the-University-of-Granada-Carbon-materials.png 1772w\" sizes=\"(max-width: 1024px) 100vw, 1024px\" \/><\/figure>\n\n\n\n<figure class=\"wp-block-image size-large\"><img loading=\"lazy\" decoding=\"async\" width=\"1024\" height=\"682\" src=\"https:\/\/amrabratovcic.com\/wp-content\/uploads\/2025\/03\/FoodWaStop-Conference-in-Cordoba-March-4-5th-2025-1024x682.jpg\" alt=\"\" class=\"wp-image-157\" srcset=\"https:\/\/amrabratovcic.com\/wp-content\/uploads\/2025\/03\/FoodWaStop-Conference-in-Cordoba-March-4-5th-2025-1024x682.jpg 1024w, https:\/\/amrabratovcic.com\/wp-content\/uploads\/2025\/03\/FoodWaStop-Conference-in-Cordoba-March-4-5th-2025-300x200.jpg 300w, https:\/\/amrabratovcic.com\/wp-content\/uploads\/2025\/03\/FoodWaStop-Conference-in-Cordoba-March-4-5th-2025-768x512.jpg 768w, https:\/\/amrabratovcic.com\/wp-content\/uploads\/2025\/03\/FoodWaStop-Conference-in-Cordoba-March-4-5th-2025-1536x1024.jpg 1536w, https:\/\/amrabratovcic.com\/wp-content\/uploads\/2025\/03\/FoodWaStop-Conference-in-Cordoba-March-4-5th-2025.jpg 1772w\" sizes=\"(max-width: 1024px) 100vw, 1024px\" \/><\/figure>\n\n\n\n<figure class=\"wp-block-image size-large\"><img loading=\"lazy\" decoding=\"async\" width=\"1024\" height=\"681\" src=\"https:\/\/amrabratovcic.com\/wp-content\/uploads\/2025\/03\/IUPAC-SYMPOSIUM-ON-PHOTOCHEMISTRY-FERRARA-2010-1024x681.jpg\" alt=\"\" class=\"wp-image-158\" srcset=\"https:\/\/amrabratovcic.com\/wp-content\/uploads\/2025\/03\/IUPAC-SYMPOSIUM-ON-PHOTOCHEMISTRY-FERRARA-2010-1024x681.jpg 1024w, https:\/\/amrabratovcic.com\/wp-content\/uploads\/2025\/03\/IUPAC-SYMPOSIUM-ON-PHOTOCHEMISTRY-FERRARA-2010-300x199.jpg 300w, https:\/\/amrabratovcic.com\/wp-content\/uploads\/2025\/03\/IUPAC-SYMPOSIUM-ON-PHOTOCHEMISTRY-FERRARA-2010-768x511.jpg 768w, https:\/\/amrabratovcic.com\/wp-content\/uploads\/2025\/03\/IUPAC-SYMPOSIUM-ON-PHOTOCHEMISTRY-FERRARA-2010-1536x1021.jpg 1536w, https:\/\/amrabratovcic.com\/wp-content\/uploads\/2025\/03\/IUPAC-SYMPOSIUM-ON-PHOTOCHEMISTRY-FERRARA-2010.jpg 1772w\" sizes=\"(max-width: 1024px) 100vw, 1024px\" \/><\/figure>\n\n\n\n<figure class=\"wp-block-image size-large\"><img loading=\"lazy\" decoding=\"async\" width=\"1024\" height=\"767\" src=\"https:\/\/amrabratovcic.com\/wp-content\/uploads\/2025\/03\/Lacture-of-Italian-Language-Ferrara-2009-1024x767.png\" alt=\"\" class=\"wp-image-159\" srcset=\"https:\/\/amrabratovcic.com\/wp-content\/uploads\/2025\/03\/Lacture-of-Italian-Language-Ferrara-2009-1024x767.png 1024w, https:\/\/amrabratovcic.com\/wp-content\/uploads\/2025\/03\/Lacture-of-Italian-Language-Ferrara-2009-300x225.png 300w, https:\/\/amrabratovcic.com\/wp-content\/uploads\/2025\/03\/Lacture-of-Italian-Language-Ferrara-2009-768x576.png 768w, https:\/\/amrabratovcic.com\/wp-content\/uploads\/2025\/03\/Lacture-of-Italian-Language-Ferrara-2009-1536x1151.png 1536w, https:\/\/amrabratovcic.com\/wp-content\/uploads\/2025\/03\/Lacture-of-Italian-Language-Ferrara-2009.png 1772w\" sizes=\"(max-width: 1024px) 100vw, 1024px\" \/><\/figure>\n\n\n\n<figure class=\"wp-block-image size-large is-resized\"><img loading=\"lazy\" decoding=\"async\" width=\"639\" height=\"1024\" src=\"https:\/\/amrabratovcic.com\/wp-content\/uploads\/2025\/03\/Amra-B-Conference-in-Cordoba-639x1024.jpg\" alt=\"\" class=\"wp-image-152\" style=\"width:840px;height:auto\" srcset=\"https:\/\/amrabratovcic.com\/wp-content\/uploads\/2025\/03\/Amra-B-Conference-in-Cordoba-639x1024.jpg 639w, https:\/\/amrabratovcic.com\/wp-content\/uploads\/2025\/03\/Amra-B-Conference-in-Cordoba-187x300.jpg 187w, https:\/\/amrabratovcic.com\/wp-content\/uploads\/2025\/03\/Amra-B-Conference-in-Cordoba-768x1232.jpg 768w, https:\/\/amrabratovcic.com\/wp-content\/uploads\/2025\/03\/Amra-B-Conference-in-Cordoba-958x1536.jpg 958w, https:\/\/amrabratovcic.com\/wp-content\/uploads\/2025\/03\/Amra-B-Conference-in-Cordoba.jpg 1181w\" sizes=\"(max-width: 639px) 100vw, 639px\" \/><\/figure>\n\n\n\n<figure class=\"wp-block-image size-large is-resized\"><img loading=\"lazy\" decoding=\"async\" width=\"689\" height=\"1024\" src=\"https:\/\/amrabratovcic.com\/wp-content\/uploads\/2025\/03\/Diploma-redovnog-profesora-689x1024.jpg\" alt=\"\" class=\"wp-image-156\" style=\"width:840px;height:auto\" srcset=\"https:\/\/amrabratovcic.com\/wp-content\/uploads\/2025\/03\/Diploma-redovnog-profesora-689x1024.jpg 689w, https:\/\/amrabratovcic.com\/wp-content\/uploads\/2025\/03\/Diploma-redovnog-profesora-202x300.jpg 202w, https:\/\/amrabratovcic.com\/wp-content\/uploads\/2025\/03\/Diploma-redovnog-profesora-768x1141.jpg 768w, https:\/\/amrabratovcic.com\/wp-content\/uploads\/2025\/03\/Diploma-redovnog-profesora-1034x1536.jpg 1034w, https:\/\/amrabratovcic.com\/wp-content\/uploads\/2025\/03\/Diploma-redovnog-profesora-1378x2048.jpg 1378w, https:\/\/amrabratovcic.com\/wp-content\/uploads\/2025\/03\/Diploma-redovnog-profesora-scaled.jpg 1723w\" sizes=\"(max-width: 689px) 100vw, 689px\" \/><\/figure>\n\n\n\n<figure class=\"wp-block-image size-large is-resized\"><img loading=\"lazy\" decoding=\"async\" width=\"544\" height=\"1024\" src=\"https:\/\/amrabratovcic.com\/wp-content\/uploads\/2025\/03\/Promocija-u-zvanje-redovnog-profesora-544x1024.jpg\" alt=\"\" class=\"wp-image-160\" style=\"width:840px;height:auto\" srcset=\"https:\/\/amrabratovcic.com\/wp-content\/uploads\/2025\/03\/Promocija-u-zvanje-redovnog-profesora-544x1024.jpg 544w, https:\/\/amrabratovcic.com\/wp-content\/uploads\/2025\/03\/Promocija-u-zvanje-redovnog-profesora-159x300.jpg 159w, https:\/\/amrabratovcic.com\/wp-content\/uploads\/2025\/03\/Promocija-u-zvanje-redovnog-profesora-768x1445.jpg 768w, https:\/\/amrabratovcic.com\/wp-content\/uploads\/2025\/03\/Promocija-u-zvanje-redovnog-profesora-816x1536.jpg 816w, https:\/\/amrabratovcic.com\/wp-content\/uploads\/2025\/03\/Promocija-u-zvanje-redovnog-profesora-1089x2048.jpg 1089w, https:\/\/amrabratovcic.com\/wp-content\/uploads\/2025\/03\/Promocija-u-zvanje-redovnog-profesora.jpg 1181w\" sizes=\"(max-width: 544px) 100vw, 544px\" \/><\/figure>","protected":false},"excerpt":{"rendered":"<p>Welcome to the official website of Prof. dr. sc. Amra Bratov\u010di\u0107! As a full professor&hellip;<\/p>","protected":false},"author":1,"featured_media":0,"parent":0,"menu_order":0,"comment_status":"closed","ping_status":"closed","template":"","meta":{"footnotes":""},"class_list":["post-11","page","type-page","status-publish","hentry"],"_links":{"self":[{"href":"https:\/\/amrabratovcic.com\/bs\/wp-json\/wp\/v2\/pages\/11","targetHints":{"allow":["GET"]}}],"collection":[{"href":"https:\/\/amrabratovcic.com\/bs\/wp-json\/wp\/v2\/pages"}],"about":[{"href":"https:\/\/amrabratovcic.com\/bs\/wp-json\/wp\/v2\/types\/page"}],"author":[{"embeddable":true,"href":"https:\/\/amrabratovcic.com\/bs\/wp-json\/wp\/v2\/users\/1"}],"replies":[{"embeddable":true,"href":"https:\/\/amrabratovcic.com\/bs\/wp-json\/wp\/v2\/comments?post=11"}],"version-history":[{"count":32,"href":"https:\/\/amrabratovcic.com\/bs\/wp-json\/wp\/v2\/pages\/11\/revisions"}],"predecessor-version":[{"id":479,"href":"https:\/\/amrabratovcic.com\/bs\/wp-json\/wp\/v2\/pages\/11\/revisions\/479"}],"wp:attachment":[{"href":"https:\/\/amrabratovcic.com\/bs\/wp-json\/wp\/v2\/media?parent=11"}],"curies":[{"name":"wp","href":"https:\/\/api.w.org\/{rel}","templated":true}]}}