{"id":2,"date":"2025-03-04T15:54:14","date_gmt":"2025-03-04T15:54:14","guid":{"rendered":"https:\/\/amrabratovcic.com\/?page_id=2"},"modified":"2025-11-11T16:39:19","modified_gmt":"2025-11-11T16:39:19","slug":"sample-page","status":"publish","type":"page","link":"https:\/\/amrabratovcic.com\/bs\/sample-page\/","title":{"rendered":"O meni"},"content":{"rendered":"<p><strong><a href=\"https:\/\/amrabratovcic.com\/wp-content\/uploads\/2025\/11\/CV_AMRA_BRATOVCIC_11.11.2025.pdf\" data-type=\"link\" data-id=\"https:\/\/amrabratovcic.com\/wp-content\/uploads\/2025\/03\/CV_AMRA_BRATOVCIC_26.02.2025.pdf\">Full CV<\/a><\/strong><\/p>\n\n\n\n<p><strong><mark style=\"background-color:rgba(0, 0, 0, 0)\" class=\"has-inline-color has-vivid-cyan-blue-color\">Jezici<\/mark>:<\/strong> Bosanski (maternji), Engleski (C1), Italijanski (C1), Njema\u010dki (B2), Francuski (A1)<\/p>\n\n\n\n<p><strong><mark style=\"background-color:rgba(0, 0, 0, 0)\" class=\"has-inline-color has-vivid-cyan-blue-color\">Ime i prezime<\/mark>:<\/strong> Amra Bratov\u010di\u0107<\/p>\n\n\n\n<p><strong><mark style=\"background-color:rgba(0, 0, 0, 0)\" class=\"has-inline-color has-vivid-cyan-blue-color\">Datum ro\u0111enja<\/mark>:<\/strong> 18.01.1982<\/p>\n\n\n\n<p><strong><mark style=\"background-color:rgba(0, 0, 0, 0)\" class=\"has-inline-color has-vivid-cyan-blue-color\">Nacionalnost<\/mark>:<\/strong> Bosanka<\/p>\n\n\n\n<p><strong><mark style=\"background-color:rgba(0, 0, 0, 0)\" class=\"has-inline-color has-vivid-cyan-blue-color\">Trenutna pozicija<\/mark>:<\/strong> Redovni profesor na Tehnolo\u0161kom fakultetu Univerziteta u Tuzli<\/p>\n\n\n\n<p><strong><mark style=\"background-color:rgba(0, 0, 0, 0)\" class=\"has-inline-color has-vivid-cyan-blue-color\">Katedra<\/mark>:<\/strong> Fizikalna hemija i elektrohemija<\/p>\n\n\n\n<p><strong><mark style=\"background-color:rgba(0, 0, 0, 0)\" class=\"has-inline-color has-vivid-cyan-blue-color\">Obrazovanje<\/mark>:<\/strong> Doktorat hemijskih nauka na Univerzitetu u Ferrari, Italija (2012.)<\/p>\n\n\n\n<p><strong><mark style=\"background-color:rgba(0, 0, 0, 0)\" class=\"has-inline-color has-vivid-cyan-blue-color\">Akademsko i profesionalno usavr\u0161avanje<\/mark><\/strong><\/p>\n\n\n\n<p class=\"translation-block\">Moje akademsko putovanje po\u010delo je dubokom radoznalo\u0161\u0107u o hemijskim procesima koji oblikuju svijet oko nas. Nakon \u0161to sam magistrirala hemiju, doktorirala sam na Univerzitetu Ferrara u Italiji, gdje sam se fokusirala na razvoj novih fotokataliti\u010dkih materijala. Moje istra\u017eivanje je dovelo do zna\u010dajnog napretka u oblasti heterogene fotokatalize i povr\u0161inske modifikacije materijala, koji imaju primjenu u organskoj sintetskoj hemiji (procesima konverzije i izgradnje gradivnih blok elemenata), za\u0161titi okoli\u0161a i odr\u017eivoj hemiji.<\/p>\n\n\n\n<p class=\"translation-block\">Kao doktorandica radila sam na sintezi novih materijala na bazi dekantvolframatnog iona (W<sub>10<\/sub>O<sub>32<\/sub>)<sup>4-<\/sup> s protuionima: organskim i anorganskim, zatim na heterogenizaciji fotokatalizatora sa silicijevim dioksidom kori\u0161tenjem sol-gel postupka. Ovi heterogeni fotokatalizatori prou\u010davani su u procesima parcijalne oksidacije razli\u010ditih primarnih i sekundarnih alkohola pod blagim uvjetima na sobnoj temperaturi i atmosferskom pritisku. Tako\u0111er sam prou\u010davala njihovu fizikalno-hemijsku karakterizaciju.<\/p>\n\n\n\n<p class=\"translation-block\">Pri povratku u Bosnu i Hercegovinu, nastavila sam svoju akademsku karijeru na Univerzitetu u Tuzli, gdje sam obavljala vi\u0161e pozicija, napreduju\u0107i od vi\u0161eg asistenta, docenta, vanrednog profesora, a sada redovnog profesora. Tokom svoje karijere aktivno sam se bavila podu\u010davanjem studenata, vode\u0107i istra\u017eiva\u010dke projekte i razvijaju\u0107i me\u0111unarodne suradnje koje donose inovativne ideje u prvi plan nau\u010dnih otkri\u0107a.<\/p>\n\n\n\n<p>Over the years, I have collaborated with several renowned institutions, including <mark style=\"background-color:rgba(0, 0, 0, 0)\" class=\"has-inline-color has-vivid-cyan-blue-color\"><strong>the University of Ferrara<\/strong><\/mark> (Italy), <mark style=\"background-color:rgba(0, 0, 0, 0)\" class=\"has-inline-color has-vivid-cyan-blue-color\"><strong>the University of Granada<\/strong><\/mark> (Spain), <mark style=\"background-color:rgba(0, 0, 0, 0)\" class=\"has-inline-color has-vivid-cyan-blue-color\"><strong>the Polytechnic University of Marche<\/strong><\/mark> in Ancona (Italy), and <mark style=\"background-color:rgba(0, 0, 0, 0)\" class=\"has-inline-color has-vivid-cyan-blue-color\"><strong>the POLYMAT Institute<\/strong><\/mark> in San Sebasti\u00e1n (Spain). These experiences have broadened my research network and deepened my scientific expertise. My work has contributed to multiple interdisciplinary projects, bridging the fields of chemistry, materials science, and environmental sustainability.<\/p>\n\n\n\n<p><strong><mark style=\"background-color:rgba(0, 0, 0, 0)\" class=\"has-inline-color has-vivid-cyan-blue-color\">Istra\u017eiva\u010dki interesi<\/mark><\/strong><\/p>\n\n\n\n<p>Moji istra\u017eiva\u010dki interesi obuhva\u0107aju vi\u0161e podru\u010dja fizikalne hemije s primarnim fokusom na:<\/p>\n\n\n\n<ol class=\"wp-block-list\">\n<li>Istra\u017eivanje hemijskih i elektrohemijskih svojstava razli\u010ditih materijala za razvoj novih tehnolo\u0161kih primjena.<\/li>\n\n\n\n<li>Fotokataliza i napredni procesi oksidacije: Istra\u017eivanje inovativnih fotokataliti\u010dkih materijala za sanaciju okoli\u0161a i konverziju energije.<\/li>\n\n\n\n<li>Fizikalna hemija i reologija polimera: Prou\u010davanje fizikalnih i hemijskih svojstava polimera za pobolj\u0161anu industrijsku primjenu, povr\u0161inska hemija i surfaktanti.<\/li>\n\n\n\n<li>Hemija \u017eivotne sredine i odr\u017eive tehnologije: Razvijanje ekolo\u0161ki prihvatljivih rje\u0161enja za smanjenje zaga\u0111enja i pove\u0107anje efikasnosti resursa.<\/li>\n<\/ol>\n\n\n\n<p>Kroz ove istra\u017eiva\u010dke oblasti nastojim da doprinesem razvoju novih materijala i procesa koji mogu imati opipljiv uticaj na nauku, industriju i dru\u0161tvo.<\/p>\n\n\n\n<p><\/p>","protected":false},"excerpt":{"rendered":"<p>Full CV Languages: Bosnian (native), English (C1), Italian (C1), German (B2), French (A1) Full Name:&hellip;<\/p>","protected":false},"author":1,"featured_media":0,"parent":0,"menu_order":0,"comment_status":"closed","ping_status":"open","template":"","meta":{"footnotes":""},"class_list":["post-2","page","type-page","status-publish","hentry"],"_links":{"self":[{"href":"https:\/\/amrabratovcic.com\/bs\/wp-json\/wp\/v2\/pages\/2","targetHints":{"allow":["GET"]}}],"collection":[{"href":"https:\/\/amrabratovcic.com\/bs\/wp-json\/wp\/v2\/pages"}],"about":[{"href":"https:\/\/amrabratovcic.com\/bs\/wp-json\/wp\/v2\/types\/page"}],"author":[{"embeddable":true,"href":"https:\/\/amrabratovcic.com\/bs\/wp-json\/wp\/v2\/users\/1"}],"replies":[{"embeddable":true,"href":"https:\/\/amrabratovcic.com\/bs\/wp-json\/wp\/v2\/comments?post=2"}],"version-history":[{"count":25,"href":"https:\/\/amrabratovcic.com\/bs\/wp-json\/wp\/v2\/pages\/2\/revisions"}],"predecessor-version":[{"id":498,"href":"https:\/\/amrabratovcic.com\/bs\/wp-json\/wp\/v2\/pages\/2\/revisions\/498"}],"wp:attachment":[{"href":"https:\/\/amrabratovcic.com\/bs\/wp-json\/wp\/v2\/media?parent=2"}],"curies":[{"name":"wp","href":"https:\/\/api.w.org\/{rel}","templated":true}]}}