{"id":25,"date":"2025-03-05T22:35:08","date_gmt":"2025-03-05T22:35:08","guid":{"rendered":"https:\/\/amrabratovcic.com\/?page_id=25"},"modified":"2025-11-11T10:47:36","modified_gmt":"2025-11-11T10:47:36","slug":"3-research-publications","status":"publish","type":"page","link":"https:\/\/amrabratovcic.com\/bs\/3-research-publications\/","title":{"rendered":"Istra\u017eivanja"},"content":{"rendered":"<h2 class=\"wp-block-heading\">Istra\u017eivanja<\/h2>\n\n\n\n<p>Nau\u010dno-istra\u017eiva\u010dki rad je temelj inovacija. Moj predani nau\u010dno-istra\u017eiva\u010dki rad u oblastima fotokatalize, fizikalne hemije, elektrohemije, nanotehnologije i nauke o materijalima znatno je unaprijedio najnovija dostignu\u0107a u ovim oblastima. Ispod je detaljan pregled mojih trenutnih oblasti istra\u017eivanja.<\/p>\n\n\n\n<h3 class=\"wp-block-heading\"><mark style=\"background-color:rgba(0, 0, 0, 0)\" class=\"has-inline-color has-vivid-cyan-blue-color\">Current research includes<\/mark>:<\/h3>\n\n\n\n<ol start=\"1\" class=\"wp-block-list\">\n<li>Priprema nano\u010destica, emulzija\/krema i izu\u010davanje njihovih fizikalno-hemijskih karakteristika kao i antibakterijskih svojstava.<\/li>\n\n\n\n<li>Valorizacija otpada hrane (vo\u0107a i povr\u0107a) s nutritivnog stanovi\u0161ta i mogu\u0107nosti njihove upotrebe u razli\u010dite svrhe (organska gnojiva ili dodaci prehrani ili za zelenu sintezu nano\u010destica).<\/li>\n\n\n\n<li>Photocatalytic processes for CO<sub>2<\/sub> conversion, hydrogen (H<sub>2<\/sub>) production, degradation of organic impurities from water<\/li>\n\n\n\n<li>Primjena umjetne inteligencije u hemijskoj i prehrambenoj industriji, farmaciji, kao i u edukaciji.<\/li>\n<\/ol>\n\n\n\n<p><\/p>\n\n\n\n<h3 class=\"wp-block-heading\"><strong><mark style=\"background-color:rgba(0, 0, 0, 0)\" class=\"has-inline-color has-vivid-cyan-blue-color\">Research focus<\/mark><\/strong><\/h3>\n\n\n\n<p class=\"translation-block\">Moja istra\u017eiva\u010dka interesovanja obuhvataju \u0161irok spektar disciplina, od kojih svaka doprinosi globalnom napretku u hemiji, nauci o materijalima i odr\u017eivosti \u017eivotne sredine. U nastavku su neke od klju\u010dnih oblasti na koje sam se fokusirala:<\/p>\n\n\n\n<h4 class=\"wp-block-heading\"><strong><mark style=\"background-color:rgba(0, 0, 0, 0)\" class=\"has-inline-color has-vivid-cyan-blue-color\">1. Fotokataliza i napredni procesi oksidacije<\/mark><\/strong><\/h4>\n\n\n\n<p>Jedno od mojih primarnih istra\u017eiva\u010dkih podru\u010dja je fotokataliza u pro\u010di\u0161\u0107avanju vode, sanaciji okoli\u0161a i samo\u010diste\u0107im materijalima. Moj rad u ovoj oblasti uklju\u010duje:<\/p>\n\n\n\n<ul class=\"wp-block-list\">\n<li class=\"translation-block\">Razvoj novih fotokatalizatora: Istra\u017eivanje metalnih oksida, dopiranih poluvodi\u010da i kompozitnih materijala za pobolj\u0161anje fotokataliti\u010dke efikasnosti<\/li>\n\n\n\n<li class=\"translation-block\">Degradacija zaga\u0111iva\u010da: Istra\u017eivanje razgradnje organskih zaga\u0111iva\u010da, farmaceutskih proizvoda i industrijskih boja u tretmanu otpadnih voda<\/li>\n\n\n\n<li>Fotokataliti\u010dki premazi.<\/li>\n<\/ul>\n\n\n\n<p class=\"translation-block\">Fotokataliza ima zna\u010dajnu primjenu u zelenoj hemiji, pru\u017eaju\u0107i energetski efikasne, isplative i netoksi\u010dne alternative za pre\u010di\u0161\u0107avanje vode i zraka. Nedavna otkri\u0107a u heterogenoj fotokatalizi su pokazala potencijal kompozitnih materijala na bazi titanijum dioksida (TiO\u2082) u uklanjanju zaga\u0111iva\u010da iz industrijskih otpadnih voda.<\/p>\n\n\n\n<h4 class=\"wp-block-heading\"><strong><mark style=\"background-color:rgba(0, 0, 0, 0)\" class=\"has-inline-color has-vivid-cyan-blue-color\">Nanotehnologija i njene primjene<\/mark><\/strong><\/h4>\n\n\n\n<p><\/p>\n\n\n\n<ul class=\"wp-block-list\">\n<li class=\"translation-block\">Sintezu i funkcionalizaciju nano\u010destica: Istra\u017eivanje upotrebe metalnih i metal-oksidnih nano\u010destica u industrijskim i biomedicinskim primjenama.<\/li>\n\n\n\n<li class=\"translation-block\">Mikro- i nano-inkapsulacija u farmaciji i poljoprivredi: Pove\u0107anje efikasnosti hrane i lijekova, gnojiva i njihove isporuke pomo\u0107u nanotehnologije.<\/li>\n\n\n\n<li class=\"translation-block\">Katalizatori zasnovani na nanomaterijalima: Dizajniranje nanokatalizatora za hemijsku sintezu i za\u0161titu \u017eivotne sredine.<\/li>\n<\/ul>\n\n\n\n<p>Re\u0161enja zasnovana na nanotehnologiji imaju dubok uticaj u medicini, skladi\u0161tenju energije i za\u0161titi \u017eivotne sredine, a moje istra\u017eivanje nastavlja da pomjera granice ove oblasti u nastajanju.<\/p>\n\n\n\n<h4 class=\"wp-block-heading\"><strong><mark style=\"background-color:rgba(0, 0, 0, 0)\" class=\"has-inline-color has-vivid-cyan-blue-color\">Hemija polimera i pametni materijali<\/mark><\/strong><\/h4>\n\n\n\n<p><\/p>\n\n\n\n<ul class=\"wp-block-list\">\n<li>Emulzije (kreme) s antibakterijskim i antifungalnim svojstvima<\/li>\n\n\n\n<li class=\"translation-block\">Teku\u0107i sapuni, viskoelasti\u010dno pona\u0161anje i svojstva povr\u0161inske aktivnosti<\/li>\n\n\n\n<li class=\"translation-block\">Biorazgradivi polimeri: Razvoj ekolo\u0161ki prihvatljivih materijala koji smanjuju zaga\u0111enje plastikom.<\/li>\n\n\n\n<li class=\"translation-block\">Biorazgradivi polimeri: Razvoj ekolo\u0161ki prihvatljivih materijala koji smanjuju zaga\u0111enje plastikom.<\/li>\n<\/ul>\n\n\n\n<p>Funkcionalni polimeri imaju \u0161irok spektar primjena, od biomedicinskih implantata do materijala za pakovanje hrane, a moj rad ima za cilj pobolj\u0161anje njihovih performansi, odr\u017eivosti i prilagodljivosti modernim potrebama.<\/p>\n\n\n\n<h4 class=\"wp-block-heading\"><strong><mark style=\"background-color:rgba(0, 0, 0, 0)\" class=\"has-inline-color has-vivid-cyan-blue-color\">Elektrohemijski procesi<\/mark><\/strong><\/h4>\n\n\n\n<p><\/p>\n\n\n\n<ul class=\"wp-block-list\">\n<li class=\"translation-block\">Elektrohemijske senzore: Dizajniranje naprednih senzora za detekciju zaga\u0111iva\u010da, te\u0161kih metala i biomolekula u realnom vremenu. Dizajn biosenzora sa primjenom u medicini.<\/li>\n<\/ul>\n\n\n\n<h3 class=\"wp-block-heading\"><strong><mark style=\"background-color:rgba(0, 0, 0, 0)\" class=\"has-inline-color has-vivid-purple-color\">Me\u0111unarodna suradnja i istra\u017eiva\u010dki projekti<\/mark><\/strong><\/h3>\n\n\n\n<p>Me\u0111unarodna suradnja i istra\u017eiva\u010dki projekti<\/p>\n\n\n\n<p><strong><mark style=\"background-color:rgba(0, 0, 0, 0)\" class=\"has-inline-color has-vivid-cyan-blue-color\">Finished Projects<\/mark><\/strong>:<\/p>\n\n\n\n<p>1. Istra\u017eivanje, razvoj I primjena modela Industrije 4.0 i ja\u010danje cyber-fizi\u010dkog okru\u017eenja za mala I srednja preduze\u0107a Kantona Sarajevo. Projekat finansira: Ministarstvo za nauku, visoko obrazovanje i mlade, Kanton Sarajevo. \u010clan istra\u017eiva\u010dkog tima Akademije Nauka I Umjetnosti Bosne i Hercegovine (ANU BiH). (September 2023).<\/p>\n\n\n\n<p>2. Implementacija Industrije 4.0 u preduze\u0107ima u Kantonu Sarajevo: spremnost za edukaciju I mogu\u0107nost za aplikaciju (Septembar 2022.) \u2013 u\u010desnik na projektu. Projekat finansira: Ministarstvo za nauku, visoko obrazovanje i mlade, Kanton Sarajevo<\/p>\n\n\n\n<p>3. (ENG) Osmosis process for the removal of traces of pharmaceutical organic pollutants (ARRS-MS-BI-BA-JR-Prijava\/2018\/55)<\/p>\n\n\n\n<p>(SLO) Proces osmoze za odstranitev sledov farmacevtskih organskih onesna\u017eeval (ARRS-MS-BI-BA-JR-Prijava\/2018\/55)<\/p>\n\n\n\n<p>(BOS) Napredni proces osmoze za tragove lijekova kao organskih zaga\u0111iva\u010da (ARRS-MS-BI-BA-JR-Prijava\/2018\/55) ; Bilateral cooperation with Republic Slovenia, 2019-2020; Leader of the project<\/p>\n\n\n\n<p>4. (ENG) Production of lignin and its model components as well as catalytic upgrading to higher-value chemicals<\/p>\n\n\n\n<p>(SLO)Pridobivanje lignina in njegovih modelnih komponent ter katalitska nadgradnja v kemikalije vi\u0161jih vrednosti (LigMoKat);<\/p>\n\n\n\n<p>(BOS) Dobijanje lignina i njegovih modelnih komponenata kao i katalitska nadogradnja u hemikalije vi\u0161ih vrijednosti, Bilateral cooperation with Republic Slovenia, 2019-2020; Member of the project<\/p>\n\n\n\n<p>5. Research on the possibility of applying agricultural waste for biosorption processes for removing heavy metals from natural and wastewater, supported by Federal Ministry of education, science and culture, Member of the project, 2017-2018<\/p>\n\n\n\n<p>6. Investigation of the possibility of applying the M (II) complex of biogenic elements to Schiff bases, Member of the project, 2018<\/p>\n\n\n\n<p>7. \u201cDevelopment of new photocatalytic materials on the basis of Titanium dioxide, Federal Ministry of Education of Bosnia and Herzegovina, 2015.<\/p>\n\n\n\n<p>8. Youth Scientific and Research Camp, financed by Embasy USA, 2015.<\/p>\n\n\n\n<p>9. \u201cEffetti matrice in fotocatalisi eterogenea\u201d, ATENEO FAR 2011, Univerzitet Ferrara<\/p>\n\n\n\n<p>10. \u201cOsssidazioni fotocatalitiche con sistemi inorganici organizzati\u201d, ATENEO FAR 2010, Univerzitet Ferrara<\/p>\n\n\n\n<p>11. &#8220;Identification of the state and chemical forms of heavy metals in natural waters TK&#8221;, Ministry of Education, Science Culture and Sport of TK<\/p>\n\n\n\n<p>12. &#8220;Determination of the quality and classification of agricultural land parcels in the area of Sprecko field in terms of pollution with heavy metals&#8221;, Ministry of Education, Science Culture and Sport TK<\/p>\n\n\n\n<p>13. &#8220;Testing bioavailability of heavy metals Pb, Cu, Zn, Cd and Fe in the area of Tuzla Canton&#8221;, Ministry of Education, Science Culture and Sport TK<\/p>\n\n\n\n<p>14. The European Union&#8217;s IPA Programme for Bosnia and Herzegovina<\/p>\n\n\n\n<p>Strengthening Institutional Capacity for Quality Assurance BA11-IB-OT-02, 2015. TEMPUS PROJECT BIHTEK, 530696-TEMPUS-1-2012-BE-TEMPUS-SMGR, 2015.<\/p>\n\n\n\n<h3 class=\"wp-block-heading translation-block\"><mark class=\"has-inline-color has-vivid-cyan-blue-color\"><strong>ZAVR\u0160ENI COST ACTION EU PROJEKTI<\/strong><\/mark><\/h3>\n\n\n\n<p>CA COST Action CA 15107; Multi-Functional Nano-Carbon Composite Materials Network (MultiComp) <a href=\"http:\/\/www.cost.eu\/COST_Actions\/ca\/CA15107\">http:\/\/www.cost.eu\/COST_Actions\/ca\/CA15107<\/a><\/p>\n\n\n\n<p>MC Member CA COST 15114 Anti-Microbial coating Innovations to prevent infectious diseases (AMICI) <a href=\"http:\/\/www.cost.eu\/COST_Actions\/ca\/CA15114\">http:\/\/www.cost.eu\/COST_Actions\/ca\/CA15114<\/a><\/p>\n\n\n\n<p>MC Member CA COST 15106 C-H Activation in Organic Synthesis (CHAOS) <a href=\"http:\/\/www.cost.eu\/COST_Actions\/ca\/CA15106\">http:\/\/www.cost.eu\/COST_Actions\/ca\/CA15106<\/a><\/p>\n\n\n\n<p>MC Member CA COST 16227 Investigation and Mathematical Analysis of Avant-garde Disease Control via Mosquito Nano-Tech-Repellents <a href=\"http:\/\/www.cost.eu\/COST_Actions\/ca\/CA16227\">http:\/\/www.cost.eu\/COST_Actions\/ca\/CA16227<\/a><\/p>\n\n\n\n<p>MC Member CA 18125 Advanced Engineering and Research of aeroGels for Environment and Life Sciences <a href=\"https:\/\/www.cost.eu\/actions\/CA18125\">https:\/\/www.cost.eu\/actions\/CA18125<\/a><\/p>\n\n\n\n<p>CA COST Action CA18132; Functional Glyconanomaterials for the Development of Diagnostics and Targeted Therapeutic Probes <a href=\"https:\/\/www.cost.eu\/actions\/CA18132\">https:\/\/www.cost.eu\/actions\/CA18132<\/a><\/p>\n\n\n\n<p>Ovi projekti su imali zna\u010dajan uticaj na tehnolo\u0161ki napredak, nau\u010dna saznanja i industrijske primjene. Moj rad u nanotehnologiji doveo je do razvoja pobolj\u0161anih materijala za senzore i biosenzore, zatim njihova primjena u pro\u010di\u0161\u0107avanju voda, kao i primjenu u medicini koji se odnosi na razvoj novih materijala sa anibakterijskim svojstvima.<\/p>\n\n\n\n<h3 class=\"wp-block-heading\"><strong><mark style=\"background-color:rgba(0, 0, 0, 0)\" class=\"has-inline-color has-vivid-purple-color\">Grantovi i finansiranje<\/mark><\/strong><\/h3>\n\n\n\n<p>Moje istra\u017eivanje je podr\u017eano od strane nekoliko potpora nacionalnih i me\u0111unarodnih organizacija. Naime, djelomi\u010dan dio financiran je nacionalnim istra\u017eiva\u010dkim fondovima i Europskom unijom, dok je veliki dio istra\u017eivanja financiran vlastitim sredstvima.<\/p>\n\n\n\n<p>2009, 2010, 2011 Fully funded Doctoral degree \u2013 PhD Scholarship, Italian Ministry of Education<\/p>\n\n\n\n<p>Short Term Scientific Mission (STSM), COST Action: CA15107; STSM reference number: 42233; Host institution: Universidad del Pa\u00eds Vasco\/Euskal Herriko Unvertsitatea (UPV-EHU), Donostia-San Sebastian, ES; STSM start and end date: 15\/02\/2019 &#8211; 15\/03\/2019;<\/p>\n\n\n\n<p>2018 Staff Mobility for training, ERASMUS + at the University of Opole, Opole, Poland, 22-26.10.2018.<\/p>\n\n\n\n<p>2018 Staff Mobilitiy for training, ERASMUS+ at the University of Middle East Technical University (METU) in Ankara, Turkey, 09-13.07.2018.<\/p>\n\n\n\n<p>2016, Scholarship of Coimbra Group, 3 months at the University of Granada, Granada, Spain, 01.09.2016.-29.11.2016.<\/p>\n\n\n\n<p>2015, Scholarship for Staff mobility &#8211; 1 month, Erasmus Mundus S.UN.B.E.A.M. Structured University mobility between the Balkans and Europe for the Adriatic-ionian Macroregion Erasmus Mundus Action 2 \u2013 Strand 1, \u201eUniversit\u00e0 Politecnica delle Marche\u201c, Ancona, in Italy. 11.05.2016. &#8211; 08.06.2016.<\/p>\n\n\n\n<p>2014, Scholarship for Staff mobility Erasmus Mundus Action 2 Penta JoinEU-SEE, University of Granada, Spain<\/p>\n\n\n\n<p>Za potpuni popis publikacija i citata posjetite <strong><a href=\"https:\/\/www.researchgate.net\/profile\/Amra-Bratovcic?ev=hdr_xprf\" data-type=\"link\" data-id=\"https:\/\/www.researchgate.net\/profile\/Amra-Bratovcic?ev=hdr_xprf\">ResearchGate<\/a> <\/strong>and<strong> <a href=\"https:\/\/scholar.google.com\/citations?user=-pD9nE4AAAAJ&amp;hl=en\" data-type=\"link\" data-id=\"https:\/\/scholar.google.com\/citations?user=-pD9nE4AAAAJ&amp;hl=en\">Google Scholar<\/a><\/strong> profiles.<\/p>\n\n\n\n<p><\/p>\n\n\n\n<p><\/p>","protected":false},"excerpt":{"rendered":"<p>Research Scientific research is the foundation of innovation. My dedicated research in the fields of&hellip;<\/p>","protected":false},"author":1,"featured_media":0,"parent":0,"menu_order":0,"comment_status":"closed","ping_status":"closed","template":"","meta":{"footnotes":""},"class_list":["post-25","page","type-page","status-publish","hentry"],"_links":{"self":[{"href":"https:\/\/amrabratovcic.com\/bs\/wp-json\/wp\/v2\/pages\/25","targetHints":{"allow":["GET"]}}],"collection":[{"href":"https:\/\/amrabratovcic.com\/bs\/wp-json\/wp\/v2\/pages"}],"about":[{"href":"https:\/\/amrabratovcic.com\/bs\/wp-json\/wp\/v2\/types\/page"}],"author":[{"embeddable":true,"href":"https:\/\/amrabratovcic.com\/bs\/wp-json\/wp\/v2\/users\/1"}],"replies":[{"embeddable":true,"href":"https:\/\/amrabratovcic.com\/bs\/wp-json\/wp\/v2\/comments?post=25"}],"version-history":[{"count":27,"href":"https:\/\/amrabratovcic.com\/bs\/wp-json\/wp\/v2\/pages\/25\/revisions"}],"predecessor-version":[{"id":467,"href":"https:\/\/amrabratovcic.com\/bs\/wp-json\/wp\/v2\/pages\/25\/revisions\/467"}],"wp:attachment":[{"href":"https:\/\/amrabratovcic.com\/bs\/wp-json\/wp\/v2\/media?parent=25"}],"curies":[{"name":"wp","href":"https:\/\/api.w.org\/{rel}","templated":true}]}}