{"id":32,"date":"2025-03-06T11:22:26","date_gmt":"2025-03-06T11:22:26","guid":{"rendered":"https:\/\/amrabratovcic.com\/?page_id=32"},"modified":"2025-11-11T16:42:27","modified_gmt":"2025-11-11T16:42:27","slug":"academic-contributions","status":"publish","type":"page","link":"https:\/\/amrabratovcic.com\/bs\/academic-contributions\/","title":{"rendered":"Akademski doprinos"},"content":{"rendered":"<h1 class=\"wp-block-heading\">Akademski doprinos<\/h1>\n\n\n\n<h3 class=\"wp-block-heading\"><strong><mark style=\"background-color:rgba(0, 0, 0, 0)\" class=\"has-inline-color has-vivid-cyan-blue-color\">Nastava i razvoj kurikuluma<\/mark><\/strong><\/h3>\n\n\n\n<p>Tokom svoje akademske karijere, bila sam posve\u0107ena oblikovanju budu\u0107ih generacija obrazovanja iz fizikalne hemije i elektrohemije.<\/p>\n\n\n\n<p>Moja nastavna filozofija se zasniva na integraciji teorijskog znanja sa prakti\u010dnim primjenama, osiguravaju\u0107i da su studenti spremni i za istra\u017eiva\u010dku i za industrijsku karijeru. Tokom godina sam u\u010destvovala u razvijanju i modernizaciji nastavnih planova i programa dodiplomskih, magistarskih i doktorskih studija, inkorporiranjem najnovijih dostignu\u0107a u fizikalnoj hemiji, elektrohemiji, agrohemiji i nanotehnologiji.<\/p>\n\n\n\n<p>Moj pristup podu\u010davanju nagla\u0161ava rje\u0161avanje problema, kriti\u010dko razmi\u0161ljanje i prakti\u010dno iskustvo u laboratoriji,a sve sa ciljem da studenti steknu potrebne vje\u0161tine za suo\u010davanje sa savremenim nau\u010dnim izazovima.<\/p>\n\n\n\n<h3 class=\"wp-block-heading\"><mark style=\"background-color:rgba(0, 0, 0, 0)\" class=\"has-inline-color has-vivid-purple-color\">Nastavni predmeti<\/mark><\/h3>\n\n\n\n<h4 class=\"wp-block-heading\"><mark style=\"background-color:rgba(0, 0, 0, 0)\" class=\"has-inline-color has-vivid-cyan-blue-color\">Dodiplomski studij<\/mark>:<\/h4>\n\n\n\n<ul class=\"wp-block-list\">\n<li>Fizikalna hemija 1<\/li>\n\n\n\n<li>Fizikalna hemija i reologija polimera<\/li>\n\n\n\n<li>Fizikalno-hemijska karakterizacija<\/li>\n\n\n\n<li>Fizikalno-hemijske metode analize tla<\/li>\n\n\n\n<li>Agrohemija<\/li>\n\n\n\n<li>Elektrohemija<\/li>\n\n\n\n<li>Radiohemija<\/li>\n\n\n\n<li>Fotokataliti\u010dki procesi<\/li>\n\n\n\n<li>Elektrohemijsko in\u017eenjerstvo<\/li>\n<\/ul>\n\n\n\n<h4 class=\"wp-block-heading\"><mark style=\"background-color:rgba(0, 0, 0, 0)\" class=\"has-inline-color has-vivid-cyan-blue-color\">Master studij<\/mark>:<\/h4>\n\n\n\n<ul class=\"wp-block-list\">\n<li>Fotooksidacijski proces<\/li>\n\n\n\n<li>Adhezija i modifikacija povr\u0161ina<\/li>\n\n\n\n<li>Termi\u010dke metode analize materijala<\/li>\n\n\n\n<li>Biomaterijali<\/li>\n<\/ul>\n\n\n\n<h4 class=\"wp-block-heading\"><mark style=\"background-color:rgba(0, 0, 0, 0)\" class=\"has-inline-color has-vivid-cyan-blue-color\">Doktorski studij<\/mark>:<\/h4>\n\n\n\n<ul class=\"wp-block-list\">\n<li>Kataliti\u010dki procesi u hemijskoj industriji<\/li>\n<\/ul>\n\n\n\n<p>Svaki kurs je osmi\u0161ljen tako da studentima pru\u017ei duboko teorijsko znanje i odre\u0111eno laboratorijsko iskustvo, pripremaju\u0107i ih za akademsko istra\u017eivanje, industrijske inovacije i preduzetni\u0161tvo u nau\u010dnim oblastima.<\/p>\n\n\n\n<h3 class=\"wp-block-heading\"><mark style=\"background-color:rgba(0, 0, 0, 0)\" class=\"has-inline-color has-vivid-purple-color\">Mentorstvo i nadzor studenata<\/mark><\/h3>\n\n\n\n<p>Klju\u010dni aspekt mog akademskog doprinosa je mentorstvo i nadzor studenata. Tokom godina, bila sam mentor brojnim studentima osnovnih, magistarskih i doktorskih studija, vode\u0107i ih kroz njihove istra\u017eiva\u010dke projekte, pisanje teza i nau\u010dne publikacije. Moje mentorstvo se\u017ee dalje od akademske potpore. Ohrabrujem studente da razvijaju inovativne istra\u017eiva\u010dke ideje, u\u010destvuju na me\u0111unarodnim konferencijama i da se uklju\u010duju u industrijske posjete i ostvarivanje suradnje.<\/p>\n\n\n\n<h3 class=\"wp-block-heading\"><mark style=\"background-color:rgba(0, 0, 0, 0)\" class=\"has-inline-color has-vivid-purple-color\">Mentorstvo doktorskih i magistarskih radova<\/mark>:<\/h3>\n\n\n\n<p><\/p>\n\n\n\n<ol class=\"wp-block-list\">\n<li>Naziv doktorske disertacije: \u201cUticaj tenzida na kvalitet i fizikalno-hemijska svojstva te\u010dnog sapuna\u201c, kandidatkinja Sanela Nazdraji\u0107, Magistar hemije u edukaciji, doktorand. Datum odbrane: 17.12.2021.<\/li>\n\n\n\n<li>Zavr\u0161ni Magistarski rad: Uticaj procesnih parametara na sintezu nano\u010destica srebra i njihovu antibakterijsku aktivnost\u201d, \u201cInfluence of process parameters on the synthesis of silver nanoparticles and their antibacterial activity\u201d, kandidatkinja Amna Dautovi\u0107, bachelor of Applied Chemistry. Datum odbrane: 21.09.2023.<\/li>\n\n\n\n<li>Zavr\u0161ni magistarski rad:\u201d Priprema i karakterizacija grafena i njegovih kompozita\u201d, Preparation and characterization of graphene and its composites\u201d, kandidatkinja Melisa Avdibegovic, bachelor Engineer of Chemical Technology, Datum odbrane: 07.02.2019.<\/li>\n\n\n\n<li>Zavr\u0161ni magistarski rad:\u201dSinteza i fizikalno-hemijska karakterizacija nanomaterijala na bazi karbona\u201d, Synthesis and physical-chemical characterization of carbon nanomaterials\", kandidatkinja Edina Ibrisimovi\u0107, chemistry professor. Datum odbrane: 17.06.2016.<\/li>\n\n\n\n<li>Zavr\u0161ni magistarski rad:\u201dPrimjena fotokataliti\u010dkih procesa za tretman otpadnih voda\u201d,\u201cApplication of photocatalytic processes for waste water treatment\u201d, candidate Alija Nurkic, BSc. engineer technology, Datum odbrane: 29.12.2015.<\/li>\n<\/ol>\n\n\n\n<h3 class=\"wp-block-heading\"><strong><mark style=\"background-color:rgba(0, 0, 0, 0)\" class=\"has-inline-color has-vivid-cyan-blue-color\">Akademsko vodstvo i administrativne uloge<\/mark><\/strong><\/h3>\n\n\n\n<p>Osim predavanja, preuzela sam nekoliko administrativnih i liderskih uloga unutar Univerziteta u Tuzli:<\/p>\n\n\n\n<ul class=\"wp-block-list\">\n<li>Voditelj zajedni\u010dkog doktorskog studija (tre\u0107i ciklus) na Prirodno-matemati\u010dkom i Tehnolo\u0161kom fakultetu Univerziteta u Tuzli (2023 \u2013 danas)<\/li>\n\n\n\n<li>Voditelj drugog ciklusa (master) studija na Tehnolo\u0161kom fakultetu (2020 \u2013 2022)<\/li>\n\n\n\n<li>\u010clan Senata Univerziteta u Tuzli (2017. \u2013 2021.)<\/li>\n\n\n\n<li>Voditelj Centra za osiguranje kvaliteta na Univerzitetu u Tuzli (2013-2015).<\/li>\n\n\n\n<li>Stru\u010dni predstavnik za Agenciju za razvoj visokog obrazovanja i osiguranje kvaliteta u Bosni i Hercegovini.<\/li>\n<\/ul>","protected":false},"excerpt":{"rendered":"<p>Academic Contribution Teaching and Curriculum Development Throughout my academic career, I have been dedicated to&hellip;<\/p>","protected":false},"author":1,"featured_media":0,"parent":0,"menu_order":0,"comment_status":"closed","ping_status":"closed","template":"","meta":{"footnotes":""},"class_list":["post-32","page","type-page","status-publish","hentry"],"_links":{"self":[{"href":"https:\/\/amrabratovcic.com\/bs\/wp-json\/wp\/v2\/pages\/32","targetHints":{"allow":["GET"]}}],"collection":[{"href":"https:\/\/amrabratovcic.com\/bs\/wp-json\/wp\/v2\/pages"}],"about":[{"href":"https:\/\/amrabratovcic.com\/bs\/wp-json\/wp\/v2\/types\/page"}],"author":[{"embeddable":true,"href":"https:\/\/amrabratovcic.com\/bs\/wp-json\/wp\/v2\/users\/1"}],"replies":[{"embeddable":true,"href":"https:\/\/amrabratovcic.com\/bs\/wp-json\/wp\/v2\/comments?post=32"}],"version-history":[{"count":15,"href":"https:\/\/amrabratovcic.com\/bs\/wp-json\/wp\/v2\/pages\/32\/revisions"}],"predecessor-version":[{"id":499,"href":"https:\/\/amrabratovcic.com\/bs\/wp-json\/wp\/v2\/pages\/32\/revisions\/499"}],"wp:attachment":[{"href":"https:\/\/amrabratovcic.com\/bs\/wp-json\/wp\/v2\/media?parent=32"}],"curies":[{"name":"wp","href":"https:\/\/api.w.org\/{rel}","templated":true}]}}