{"id":37,"date":"2025-03-06T11:23:36","date_gmt":"2025-03-06T11:23:36","guid":{"rendered":"https:\/\/amrabratovcic.com\/?page_id=37"},"modified":"2025-11-12T11:37:21","modified_gmt":"2025-11-12T11:37:21","slug":"conferences-talks","status":"publish","type":"page","link":"https:\/\/amrabratovcic.com\/bs\/conferences-talks\/","title":{"rendered":"Konferencije"},"content":{"rendered":"<h2 class=\"wp-block-heading\">Konferencije <\/h2>\n\n\n\n<p>Kao aktivna znanstvenica, imala sam \u010dast biti pozvana kao glavna govornica i panelistica na brojnim me\u0111unarodnim konferencijama, simpozijima i radionicama. Moja pozvana predavanja pokrivaju najnovija dostignu\u0107a u fotokatalizi, nanotehnologiji, povr\u0161inskoj hemiji, a posebno najnovije razvijene nano\u010destice i nanokompozitne materijale i njihovu primjenu. Neke od konferencija na kojima sam sudjelovao uklju\u010duju:<\/p>\n\n\n\n<h3 class=\"wp-block-heading\"><strong><mark style=\"background-color:rgba(0, 0, 0, 0)\" class=\"has-inline-color has-vivid-cyan-blue-color\">Sudjelovanje na OPORPH-u \u2013 2025.<\/mark><\/strong><\/h3>\n\n\n\n<p>\ud83d\udccd <strong>Tuzla, Bosnia and Herzegovina<\/strong><br>\ud83d\udcc5 <strong>Novembar 12-13, 2025<\/strong><\/p>\n\n\n\n<figure class=\"wp-block-gallery has-nested-images columns-default is-cropped wp-block-gallery-1 is-layout-flex wp-block-gallery-is-layout-flex\">\n<figure class=\"wp-block-image size-large\"><img fetchpriority=\"high\" decoding=\"async\" width=\"659\" height=\"1024\" data-id=\"506\" src=\"https:\/\/amrabratovcic.com\/wp-content\/uploads\/2025\/11\/20251112_102431-2-659x1024.jpg\" alt=\"\" class=\"wp-image-506\" srcset=\"https:\/\/amrabratovcic.com\/wp-content\/uploads\/2025\/11\/20251112_102431-2-659x1024.jpg 659w, https:\/\/amrabratovcic.com\/wp-content\/uploads\/2025\/11\/20251112_102431-2-193x300.jpg 193w, https:\/\/amrabratovcic.com\/wp-content\/uploads\/2025\/11\/20251112_102431-2-768x1193.jpg 768w, https:\/\/amrabratovcic.com\/wp-content\/uploads\/2025\/11\/20251112_102431-2-989x1536.jpg 989w, https:\/\/amrabratovcic.com\/wp-content\/uploads\/2025\/11\/20251112_102431-2-8x12.jpg 8w, https:\/\/amrabratovcic.com\/wp-content\/uploads\/2025\/11\/20251112_102431-2.jpg 1159w\" sizes=\"(max-width: 659px) 100vw, 659px\" \/><\/figure>\n<\/figure>\n\n\n\n<p>I am pleased to announce my participation in the 9th International Scientific and Professional Symposium \u201cEnvironmental Potentials, Sustainable Development and Food Production\u201d \u2013 OPORPH 2025, which will be held on November 12 and 13, 2025, in Tuzla, Bosnia and Herzegovina.<\/p>\n\n\n\n<p>Ovaj va\u017ean znanstveni i stru\u010dni doga\u0111aj okuplja istra\u017eiva\u010de, stru\u010dnjake i prakti\u010dare iz razli\u010ditih podru\u010dja odr\u017eivog razvoja, poljoprivrede i za\u0161tite okoli\u0161a. Predstavit \u0107u tri rada u razli\u010ditim formatima prezentacije:<\/p>\n\n\n\n<ol class=\"wp-block-list\">\n<li>\ud83d\udde3\ufe0f <strong>Usmeno izlaganje:<\/strong><br><strong><em><mark style=\"background-color:rgba(0, 0, 0, 0)\" class=\"has-inline-color has-vivid-purple-color\">Antibakterijska i antifungalna svojstva ulja divljeg origana, bademovog ulja i ulja macerata lavande<\/mark><\/em><\/strong><br><\/li>\n\n\n\n<li>\ud83c\udfa4 <strong>Plenarno izlaganje:<\/strong><br><strong><em><mark style=\"background-color:rgba(0, 0, 0, 0)\" class=\"has-inline-color has-vivid-purple-color\">Istra\u017eivanje mogu\u0107nosti koje nude COST projekti<\/mark><\/em><\/strong><br><\/li>\n\n\n\n<li>\ud83e\uddfe <strong>Poster prezentacija:<\/strong><br><strong><em><mark style=\"background-color:rgba(0, 0, 0, 0)\" class=\"has-inline-color has-vivid-purple-color\">Odr\u017eivo upravljanje korovom: napredak u bioherbicidima, nanotehnologiji i nehemijskim pristupima<\/mark><\/em><\/strong><br><\/li>\n<\/ol>\n\n\n\n<p>Veselim se razmjeni iskustava s kolegama, predstavljanju rezultata istra\u017eivanja i doprinosu raspravama o odr\u017eivim rje\u0161enjima u poljoprivredi i za\u0161titi okoli\u0161a.<\/p>\n\n\n\n<h3 class=\"wp-block-heading\"><mark style=\"background-color:rgba(0, 0, 0, 0)\" class=\"has-inline-color has-vivid-cyan-blue-color\"><strong>European Green Conference \u2013 EGC 2023<\/strong> (Vodice, Hrvatska)<\/mark><\/h3>\n\n\n\n<p><mark style=\"background-color:rgba(0, 0, 0, 0)\" class=\"has-inline-color has-vivid-purple-color\">Application of Nanofluids and Nanocomposites for Enhanced Oil Recovery<\/mark>, 1st European Green Conference, 23-26 May 2023. Vodice, Croatia. <\/p>\n\n\n\n<h3 class=\"wp-block-heading\"><mark style=\"background-color:rgba(0, 0, 0, 0)\" class=\"has-inline-color has-vivid-cyan-blue-color\">Conference Water for Everyone 2022, Osijek, Croatia, 2022. -Water for All 2022 &#8211; <\/mark><\/h3>\n\n\n\n<p><strong><mark style=\"background-color:rgba(0, 0, 0, 0)\" class=\"has-inline-color has-vivid-cyan-blue-color\">Plenary lecture<\/mark><\/strong>: \u201e<mark style=\"background-color:rgba(0, 0, 0, 0)\" class=\"has-inline-color has-vivid-purple-color\">Recent Achievements in Photocatalytic Degradation of Organic Water Contaminants<\/mark>\u201c<\/p>\n\n\n\n<h3 class=\"wp-block-heading\"><mark style=\"background-color:rgba(0, 0, 0, 0)\" class=\"has-inline-color has-vivid-cyan-blue-color\">Conference Youth Agro<\/mark><\/h3>\n\n\n\n<p><strong><mark style=\"background-color:rgba(0, 0, 0, 0)\" class=\"has-inline-color has-vivid-cyan-blue-color\">Invited Speaker<\/mark><\/strong>: \u201c<mark style=\"background-color:rgba(0, 0, 0, 0)\" class=\"has-inline-color has-vivid-purple-color\">Positive Aspects of Nanotechnology in Agricultural Development<\/mark>: Application of Nanoparticles and Nanofibers for Increasing Agricultural Yield,\u201d 14.05.2022, Faculty of Technology, Tuzla.<\/p>\n\n\n\n<h3 class=\"wp-block-heading\"><strong><mark style=\"background-color:rgba(0, 0, 0, 0)\" class=\"has-inline-color has-vivid-cyan-blue-color\">International scientific conference Application of Industry 4.0 An opportunity for a new step forward in all industrial branches<\/mark><\/strong><\/h3>\n\n\n\n<p><strong><mark style=\"background-color:rgba(0, 0, 0, 0)\" class=\"has-inline-color has-vivid-cyan-blue-color\">Invited speaker<\/mark><\/strong>: &#8220;<mark style=\"background-color:rgba(0, 0, 0, 0)\" class=\"has-inline-color has-vivid-purple-color\">Smart and sustainable food processing sector by integration of the concepts of the technologies behind Industry 4.0<\/mark>&#8220;, Sarajevo, 14.04.2022. Akademija Nauka i umjetnosti BiH<\/p>\n\n\n\n<p><strong><mark style=\"background-color:rgba(0, 0, 0, 0)\" class=\"has-inline-color has-vivid-cyan-blue-color\">International Symposium on Materials, Electrochemistry, and Environment 2023 (Lebanon)<\/mark><\/strong> \u2013 Presentation of research on electrochemical sensors and functional materials.<\/p>\n\n\n\n<p><strong><mark style=\"background-color:rgba(0, 0, 0, 0)\" class=\"has-inline-color has-vivid-cyan-blue-color\">Freja Forum<\/mark><\/strong> Pozvana govornica na Seminaru C: Klimatske promjene \u2013 od Pari\u0161kog sporazuma do UN 2030, 10-12. novembar 2017, Tuzla; Panel: Dr. Amra Bratov\u010di\u0107, profesorica, Tehnolo\u0161ki fakultet Tuzla, Bosna i Hercegovina.<\/p>\n\n\n\n<h3 class=\"wp-block-heading\"><strong>Prezentacije sa konferencije i nau\u010dni prilozi<\/strong><\/h3>\n\n\n\n<p>Pored plenarnih predavanja, aktivno sam doprinosila nau\u010dnim konferencijama kroz prezentaciju istra\u017eiva\u010dkih radova, vo\u0111enju sesija i organizaciju radionica. Neki od klju\u010dnih doprinosa:<\/p>\n\n\n\n<ul class=\"wp-block-list\">\n<li><strong>Fotokataliti\u010dke primjene u hemiji okoli\u0161a<\/strong> \u2013 Detaljna studija o ulozi poluprovodnika u tretmanu otpadnih voda.<\/li>\n\n\n\n<li><strong>Pametni polimeri za biomedicinske aplikacije<\/strong> \u2013 Istra\u017eivanje materijala na bazi hidrogela za kontroliranu isporuku lijekova.<\/li>\n<\/ul>\n\n\n\n<p>Svaka konferencija je prilika za uspostavu nove suradnje, razmjenu ideja i inspiracija za nova nau\u010dna otkri\u0107a.<\/p>\n\n\n\n<p class=\"translation-block\">Imala sam uspje\u0161nu suradnju i podr\u0161ku od strane COST Action research networks, Horizon 2020 projects, and Erasmus+ mobility programs.<\/p>\n\n\n\n<p>U daljem radu planiram:<\/p>\n\n\n\n<ul class=\"wp-block-list\">\n<li>Ja\u010dati me\u0111unarodnu suradnju sa univerzitetima i istra\u017eiva\u010dkim institutima.<\/li>\n\n\n\n<li>Dati doprinos kroz rad u ure\u0111iva\u010dkim odborima i procesima recenzije.<\/li>\n\n\n\n<li>U\u010destvovati u organizacijskim i znanstvenim odborima me\u0111unarodnih simpozijuma.<\/li>\n\n\n\n<li>Organizirati webinare, okrugle stolove i konferencije.<\/li>\n<\/ul>\n\n\n\n<p>Cilj mi je da podsti\u010dem globalnu nau\u010dnu suradnju i inspiri\u0161em budu\u0107u generaciju istra\u017eiva\u010da.<\/p>","protected":false},"excerpt":{"rendered":"<p>Conferences As an active researcher, I have had the honor of being invited as a&hellip;<\/p>","protected":false},"author":1,"featured_media":0,"parent":0,"menu_order":0,"comment_status":"closed","ping_status":"closed","template":"","meta":{"footnotes":""},"class_list":["post-37","page","type-page","status-publish","hentry"],"_links":{"self":[{"href":"https:\/\/amrabratovcic.com\/bs\/wp-json\/wp\/v2\/pages\/37","targetHints":{"allow":["GET"]}}],"collection":[{"href":"https:\/\/amrabratovcic.com\/bs\/wp-json\/wp\/v2\/pages"}],"about":[{"href":"https:\/\/amrabratovcic.com\/bs\/wp-json\/wp\/v2\/types\/page"}],"author":[{"embeddable":true,"href":"https:\/\/amrabratovcic.com\/bs\/wp-json\/wp\/v2\/users\/1"}],"replies":[{"embeddable":true,"href":"https:\/\/amrabratovcic.com\/bs\/wp-json\/wp\/v2\/comments?post=37"}],"version-history":[{"count":25,"href":"https:\/\/amrabratovcic.com\/bs\/wp-json\/wp\/v2\/pages\/37\/revisions"}],"predecessor-version":[{"id":507,"href":"https:\/\/amrabratovcic.com\/bs\/wp-json\/wp\/v2\/pages\/37\/revisions\/507"}],"wp:attachment":[{"href":"https:\/\/amrabratovcic.com\/bs\/wp-json\/wp\/v2\/media?parent=37"}],"curies":[{"name":"wp","href":"https:\/\/api.w.org\/{rel}","templated":true}]}}