{"id":42,"date":"2025-03-06T11:32:20","date_gmt":"2025-03-06T11:32:20","guid":{"rendered":"https:\/\/amrabratovcic.com\/?page_id=42"},"modified":"2025-11-11T10:59:52","modified_gmt":"2025-11-11T10:59:52","slug":"projects-grants","status":"publish","type":"page","link":"https:\/\/amrabratovcic.com\/bs\/projects-grants\/","title":{"rendered":"Blog"},"content":{"rendered":"<h3 class=\"wp-block-heading\"><mark style=\"background-color:rgba(0, 0, 0, 0)\" class=\"has-inline-color has-vivid-cyan-blue-color\">COST Academy &#8211; &#8220;WordPress Training&#8221;<\/mark><\/h3>\n\n\n\n<p>To je izvrsna prilika za u\u010denje novih vje\u0161tina, povezivanje s kolegama i stjecanje prakti\u010dnog iskustva s WordPressom \u2013 mo\u0107nim alatom za komunikaciju i suradnju. Zahvalan sam \u0161to sam dio ovog putovanja u\u010denja i veselim se primjeni ovih novih spoznaja u budu\u0107nosti! <\/p>\n\n\n\n<p>14th October 2025, COST Academy &#8211; &#8220;WordPress Training&#8221; at the COST Association in Brussels<\/p>\n\n\n\n<figure class=\"wp-block-image size-large\"><img fetchpriority=\"high\" decoding=\"async\" width=\"1024\" height=\"577\" src=\"https:\/\/amrabratovcic.com\/wp-content\/uploads\/2025\/11\/20251014_103205-1024x577.jpg\" alt=\"\" class=\"wp-image-369\" srcset=\"https:\/\/amrabratovcic.com\/wp-content\/uploads\/2025\/11\/20251014_103205-1024x577.jpg 1024w, https:\/\/amrabratovcic.com\/wp-content\/uploads\/2025\/11\/20251014_103205-300x169.jpg 300w, https:\/\/amrabratovcic.com\/wp-content\/uploads\/2025\/11\/20251014_103205-768x432.jpg 768w, https:\/\/amrabratovcic.com\/wp-content\/uploads\/2025\/11\/20251014_103205-1536x865.jpg 1536w, https:\/\/amrabratovcic.com\/wp-content\/uploads\/2025\/11\/20251014_103205-2048x1153.jpg 2048w, https:\/\/amrabratovcic.com\/wp-content\/uploads\/2025\/11\/20251014_103205-18x10.jpg 18w\" sizes=\"(max-width: 1024px) 100vw, 1024px\" \/><\/figure>\n\n\n\n<p><\/p>\n\n\n\n<p><\/p>\n\n\n\n<h3 class=\"wp-block-heading\"><strong><mark style=\"background-color:rgba(0, 0, 0, 0)\" class=\"has-inline-color has-vivid-cyan-blue-color\">COST Action CA23123: \u201cNon-chemical Weed Management in Medicinal and Aromatic Plants (MAPs)\u201d<\/mark><\/strong><\/h3>\n\n\n\n<p>Prvi sastanak glavne skupine COST akcije CA23123 u\u017eivo odr\u017ean je 2. i 3. listopada 2025. u Istra\u017eiva\u010dkom institutu za organsku poljoprivredu (FiBL) u Fricku u \u0160vicarskoj.<\/p>\n\n\n\n<p>Tijekom dvodnevnog sastanka, tim je:<\/p>\n\n\n\n<ul class=\"wp-block-list\">\n<li>Pregledao napredak iz prve godine projekta<\/li>\n\n\n\n<li>Planirao aktivnosti i rezultate za drugu godinu<\/li>\n\n\n\n<li>Raspravljao o publikacijama, komunikacijskim strategijama i suradnji s COST akcijom CA22109 \u201eMedPlants4Vet\u201c<\/li>\n\n\n\n<li>Posjetio proizvo\u0111a\u010da organskog bilja i izlo\u017ebeni vrt Ricola<\/li>\n<\/ul>\n\n\n\n<p>Doga\u0111aj je pru\u017eio izvrsnu priliku za umre\u017eavanje i razmjenu znanja o odr\u017eivom, nehemijskom suzbijanju korova u ljekovitom i aromati\u010dnom bilju.<\/p>\n\n\n\n<figure class=\"wp-block-image size-large\"><img decoding=\"async\" width=\"1024\" height=\"768\" src=\"https:\/\/amrabratovcic.com\/wp-content\/uploads\/2025\/11\/IMG-b7ab1120913f1c783da5cff1c15526f8-V-1024x768.jpg\" alt=\"\" class=\"wp-image-414\" srcset=\"https:\/\/amrabratovcic.com\/wp-content\/uploads\/2025\/11\/IMG-b7ab1120913f1c783da5cff1c15526f8-V-1024x768.jpg 1024w, https:\/\/amrabratovcic.com\/wp-content\/uploads\/2025\/11\/IMG-b7ab1120913f1c783da5cff1c15526f8-V-300x225.jpg 300w, https:\/\/amrabratovcic.com\/wp-content\/uploads\/2025\/11\/IMG-b7ab1120913f1c783da5cff1c15526f8-V-768x576.jpg 768w, https:\/\/amrabratovcic.com\/wp-content\/uploads\/2025\/11\/IMG-b7ab1120913f1c783da5cff1c15526f8-V-1536x1152.jpg 1536w, https:\/\/amrabratovcic.com\/wp-content\/uploads\/2025\/11\/IMG-b7ab1120913f1c783da5cff1c15526f8-V-16x12.jpg 16w, https:\/\/amrabratovcic.com\/wp-content\/uploads\/2025\/11\/IMG-b7ab1120913f1c783da5cff1c15526f8-V.jpg 1600w\" sizes=\"(max-width: 1024px) 100vw, 1024px\" \/><\/figure>","protected":false},"excerpt":{"rendered":"<p>COST Academy &#8211; &#8220;WordPress Training&#8221; It&#8217;s a great opportunity to learn new skills, connect with&hellip;<\/p>","protected":false},"author":1,"featured_media":0,"parent":0,"menu_order":0,"comment_status":"closed","ping_status":"closed","template":"","meta":{"footnotes":""},"class_list":["post-42","page","type-page","status-publish","hentry"],"_links":{"self":[{"href":"https:\/\/amrabratovcic.com\/bs\/wp-json\/wp\/v2\/pages\/42","targetHints":{"allow":["GET"]}}],"collection":[{"href":"https:\/\/amrabratovcic.com\/bs\/wp-json\/wp\/v2\/pages"}],"about":[{"href":"https:\/\/amrabratovcic.com\/bs\/wp-json\/wp\/v2\/types\/page"}],"author":[{"embeddable":true,"href":"https:\/\/amrabratovcic.com\/bs\/wp-json\/wp\/v2\/users\/1"}],"replies":[{"embeddable":true,"href":"https:\/\/amrabratovcic.com\/bs\/wp-json\/wp\/v2\/comments?post=42"}],"version-history":[{"count":16,"href":"https:\/\/amrabratovcic.com\/bs\/wp-json\/wp\/v2\/pages\/42\/revisions"}],"predecessor-version":[{"id":469,"href":"https:\/\/amrabratovcic.com\/bs\/wp-json\/wp\/v2\/pages\/42\/revisions\/469"}],"wp:attachment":[{"href":"https:\/\/amrabratovcic.com\/bs\/wp-json\/wp\/v2\/media?parent=42"}],"curies":[{"name":"wp","href":"https:\/\/api.w.org\/{rel}","templated":true}]}}