{"id":46,"date":"2025-03-06T11:36:09","date_gmt":"2025-03-06T11:36:09","guid":{"rendered":"https:\/\/amrabratovcic.com\/?page_id=46"},"modified":"2025-03-15T11:14:21","modified_gmt":"2025-03-15T11:14:21","slug":"certificates","status":"publish","type":"page","link":"https:\/\/amrabratovcic.com\/bs\/certificates\/","title":{"rendered":"Certifikati"},"content":{"rendered":"<h3 class=\"wp-block-heading\">Profesionalni certifikati<\/h3>\n\n\n\n<p>Dobila sam brojne certifikate za priznanja u toku svoje akademske karijere ali i za marljiv i predan rad na konferencijama kroz rad u znanstvenim i organizacionim odborima, kao recenzent i kao voditelj sesija. Ovi certifikati odra\u017eavaju moju posve\u0107enost kontinuiranom profesionalnom razvoju i akademskoj izvrsnosti. Izdvojila sam nekoliko zna\u010dajnih certifikata:<\/p>\n\n\n\n<figure class=\"wp-block-gallery has-nested-images columns-default is-cropped wp-block-gallery-1 is-layout-flex wp-block-gallery-is-layout-flex\">\n<figure class=\"wp-block-image size-large\"><img fetchpriority=\"high\" decoding=\"async\" width=\"705\" height=\"1024\" data-id=\"240\" src=\"https:\/\/amrabratovcic.com\/wp-content\/uploads\/2025\/03\/viber_image_2025-03-12_22-09-21-610-1-705x1024.jpg\" alt=\"\" class=\"wp-image-240\" srcset=\"https:\/\/amrabratovcic.com\/wp-content\/uploads\/2025\/03\/viber_image_2025-03-12_22-09-21-610-1-705x1024.jpg 705w, https:\/\/amrabratovcic.com\/wp-content\/uploads\/2025\/03\/viber_image_2025-03-12_22-09-21-610-1-207x300.jpg 207w, https:\/\/amrabratovcic.com\/wp-content\/uploads\/2025\/03\/viber_image_2025-03-12_22-09-21-610-1-768x1115.jpg 768w, https:\/\/amrabratovcic.com\/wp-content\/uploads\/2025\/03\/viber_image_2025-03-12_22-09-21-610-1-1058x1536.jpg 1058w, https:\/\/amrabratovcic.com\/wp-content\/uploads\/2025\/03\/viber_image_2025-03-12_22-09-21-610-1-8x12.jpg 8w, https:\/\/amrabratovcic.com\/wp-content\/uploads\/2025\/03\/viber_image_2025-03-12_22-09-21-610-1.jpg 1103w\" sizes=\"(max-width: 705px) 100vw, 705px\" \/><\/figure>\n\n\n\n<figure class=\"wp-block-image size-large\"><img decoding=\"async\" width=\"714\" height=\"1024\" data-id=\"241\" src=\"https:\/\/amrabratovcic.com\/wp-content\/uploads\/2025\/03\/viber_image_2025-03-12_22-07-47-294-1-714x1024.jpg\" alt=\"\" class=\"wp-image-241\" srcset=\"https:\/\/amrabratovcic.com\/wp-content\/uploads\/2025\/03\/viber_image_2025-03-12_22-07-47-294-1-714x1024.jpg 714w, https:\/\/amrabratovcic.com\/wp-content\/uploads\/2025\/03\/viber_image_2025-03-12_22-07-47-294-1-209x300.jpg 209w, https:\/\/amrabratovcic.com\/wp-content\/uploads\/2025\/03\/viber_image_2025-03-12_22-07-47-294-1-768x1101.jpg 768w, https:\/\/amrabratovcic.com\/wp-content\/uploads\/2025\/03\/viber_image_2025-03-12_22-07-47-294-1-1071x1536.jpg 1071w, https:\/\/amrabratovcic.com\/wp-content\/uploads\/2025\/03\/viber_image_2025-03-12_22-07-47-294-1-8x12.jpg 8w, https:\/\/amrabratovcic.com\/wp-content\/uploads\/2025\/03\/viber_image_2025-03-12_22-07-47-294-1.jpg 1115w\" sizes=\"(max-width: 714px) 100vw, 714px\" \/><\/figure>\n\n\n\n<figure class=\"wp-block-image size-large\"><img decoding=\"async\" width=\"698\" height=\"1024\" data-id=\"242\" src=\"https:\/\/amrabratovcic.com\/wp-content\/uploads\/2025\/03\/viber_image_2025-03-12_22-05-52-001-3-698x1024.jpg\" alt=\"\" class=\"wp-image-242\" srcset=\"https:\/\/amrabratovcic.com\/wp-content\/uploads\/2025\/03\/viber_image_2025-03-12_22-05-52-001-3-698x1024.jpg 698w, https:\/\/amrabratovcic.com\/wp-content\/uploads\/2025\/03\/viber_image_2025-03-12_22-05-52-001-3-204x300.jpg 204w, https:\/\/amrabratovcic.com\/wp-content\/uploads\/2025\/03\/viber_image_2025-03-12_22-05-52-001-3-768x1127.jpg 768w, https:\/\/amrabratovcic.com\/wp-content\/uploads\/2025\/03\/viber_image_2025-03-12_22-05-52-001-3-1047x1536.jpg 1047w, https:\/\/amrabratovcic.com\/wp-content\/uploads\/2025\/03\/viber_image_2025-03-12_22-05-52-001-3-8x12.jpg 8w, https:\/\/amrabratovcic.com\/wp-content\/uploads\/2025\/03\/viber_image_2025-03-12_22-05-52-001-3.jpg 1091w\" sizes=\"(max-width: 698px) 100vw, 698px\" \/><\/figure>\n\n\n\n<figure class=\"wp-block-image size-large\"><img loading=\"lazy\" decoding=\"async\" width=\"1024\" height=\"792\" data-id=\"243\" src=\"https:\/\/amrabratovcic.com\/wp-content\/uploads\/2025\/03\/Screenshot-2025-03-12-at-21-55-10-Amra-Bratovcic16.pdf-3-1024x792.png\" alt=\"\" class=\"wp-image-243\" srcset=\"https:\/\/amrabratovcic.com\/wp-content\/uploads\/2025\/03\/Screenshot-2025-03-12-at-21-55-10-Amra-Bratovcic16.pdf-3-1024x792.png 1024w, https:\/\/amrabratovcic.com\/wp-content\/uploads\/2025\/03\/Screenshot-2025-03-12-at-21-55-10-Amra-Bratovcic16.pdf-3-300x232.png 300w, https:\/\/amrabratovcic.com\/wp-content\/uploads\/2025\/03\/Screenshot-2025-03-12-at-21-55-10-Amra-Bratovcic16.pdf-3-768x594.png 768w, https:\/\/amrabratovcic.com\/wp-content\/uploads\/2025\/03\/Screenshot-2025-03-12-at-21-55-10-Amra-Bratovcic16.pdf-3-16x12.png 16w, https:\/\/amrabratovcic.com\/wp-content\/uploads\/2025\/03\/Screenshot-2025-03-12-at-21-55-10-Amra-Bratovcic16.pdf-3.png 1177w\" sizes=\"(max-width: 1024px) 100vw, 1024px\" \/><\/figure>\n<\/figure>","protected":false},"excerpt":{"rendered":"<p>Professional certificates I have received numerous certificates in recognition of my academic career, as well&hellip;<\/p>","protected":false},"author":1,"featured_media":0,"parent":0,"menu_order":0,"comment_status":"closed","ping_status":"closed","template":"","meta":{"footnotes":""},"class_list":["post-46","page","type-page","status-publish","hentry"],"_links":{"self":[{"href":"https:\/\/amrabratovcic.com\/bs\/wp-json\/wp\/v2\/pages\/46","targetHints":{"allow":["GET"]}}],"collection":[{"href":"https:\/\/amrabratovcic.com\/bs\/wp-json\/wp\/v2\/pages"}],"about":[{"href":"https:\/\/amrabratovcic.com\/bs\/wp-json\/wp\/v2\/types\/page"}],"author":[{"embeddable":true,"href":"https:\/\/amrabratovcic.com\/bs\/wp-json\/wp\/v2\/users\/1"}],"replies":[{"embeddable":true,"href":"https:\/\/amrabratovcic.com\/bs\/wp-json\/wp\/v2\/comments?post=46"}],"version-history":[{"count":12,"href":"https:\/\/amrabratovcic.com\/bs\/wp-json\/wp\/v2\/pages\/46\/revisions"}],"predecessor-version":[{"id":299,"href":"https:\/\/amrabratovcic.com\/bs\/wp-json\/wp\/v2\/pages\/46\/revisions\/299"}],"wp:attachment":[{"href":"https:\/\/amrabratovcic.com\/bs\/wp-json\/wp\/v2\/media?parent=46"}],"curies":[{"name":"wp","href":"https:\/\/api.w.org\/{rel}","templated":true}]}}