{"id":48,"date":"2025-03-06T11:37:15","date_gmt":"2025-03-06T11:37:15","guid":{"rendered":"https:\/\/amrabratovcic.com\/?page_id=48"},"modified":"2025-11-11T17:02:44","modified_gmt":"2025-11-11T17:02:44","slug":"media","status":"publish","type":"page","link":"https:\/\/amrabratovcic.com\/bs\/media\/","title":{"rendered":"Media"},"content":{"rendered":"<h2 class=\"wp-block-heading\"><strong><mark style=\"background-color:rgba(0, 0, 0, 0)\" class=\"has-inline-color has-vivid-cyan-blue-color\">Znanstvena komunikacija <\/mark><\/strong><\/h2>\n\n\n\n<p>Kao znastvenica, intenzivno sura\u0111ujem s javno\u0161\u0107u, medijima i kreatorima politika kako bih olak\u0161ala \u0161irenje i primjenu znanstvenih spoznaja. Moj rad predstavljen je putem raznih komunikacijskih kanala, uklju\u010duju\u0107i televizijske intervjue, novinske \u010dlanke i online znanstvene platforme. Nadalje, moji istra\u017eiva\u010dki doprinosi i akademska postignu\u0107a prepoznati su i istaknuti u raznim medijima i recenziranim stru\u010dnim \u010dasopisima, uklju\u010duju\u0107i:<\/p>\n\n\n\n<h3 class=\"wp-block-heading\"><mark style=\"background-color:rgba(0, 0, 0, 0)\" class=\"has-inline-color has-vivid-cyan-blue-color\">EU COST projekt<\/mark><\/h3>\n\n\n\n<figure class=\"wp-block-image\"><img decoding=\"async\" src=\"https:\/\/static.xx.fbcdn.net\/images\/emoji.php\/v9\/tdd\/1\/16\/1f1ea_1f1fa.png\" alt=\"\ud83c\uddea\ud83c\uddfa\"\/><\/figure>\n\n\n\n<p><strong><mark style=\"background-color:rgba(0, 0, 0, 0)\" class=\"has-inline-color has-vivid-purple-color\">CA23123 \u2013 Non-Chemical Weed Management in Medicinal and Aromatic Plants (MAPs) (Weeding MAPs)<\/mark><\/strong><\/p>\n\n\n\n<div class=\"wp-block-group\"><div class=\"wp-block-group__inner-container is-layout-constrained wp-block-group-is-layout-constrained\">\n<ul class=\"wp-block-list\">\n<li>The conference &#8220;What About EU Agricultural Policies in European Countries?&#8221;, held on September 18\u201319, 2025, at CEKOM 3LJ in Trilj, Croatia. &#8211; <a href=\"https:\/\/www.vecernji.hr\/vijesti\/ovo-je-prva-ovakva-plantaza-zasadena-u-hrvatskoj-prvi-znacajni-prinosi-za-tri-do-pet-godina-1898243\" data-type=\"link\" data-id=\"https:\/\/www.vecernji.hr\/vijesti\/ovo-je-prva-ovakva-plantaza-zasadena-u-hrvatskoj-prvi-znacajni-prinosi-za-tri-do-pet-godina-1898243\">Tradicionalna <strong>proizvodnja hrane<\/strong> sve je te\u017ea.<\/a><\/li>\n\n\n\n<li>&#8220;<a href=\"https:\/\/slobodnadalmacija.hr\/split-i-zupanija\/zagora\/poljoprivredne-politike-eu-u-europskim-zemljama-u-sinju-odrzan-prvi-dio-velike-medunarodne-konferencije-1503977\" data-type=\"link\" data-id=\"https:\/\/slobodnadalmacija.hr\/split-i-zupanija\/zagora\/poljoprivredne-politike-eu-u-europskim-zemljama-u-sinju-odrzan-prvi-dio-velike-medunarodne-konferencije-1503977\">Poljoprivredne politike EU u europskim zemljama<\/a>&#8220;: u Sinju odr\u017ean prvi dio velike me\u0111unarodne konferencije. SLOBODNA DALMACIJA, 18.09.2025.<\/li>\n\n\n\n<li>The conference <a href=\"https:\/\/www.youtube.com\/watch?v=h2DRF3-wXhc\" data-type=\"link\" data-id=\"https:\/\/www.youtube.com\/watch?v=h2DRF3-wXhc\">&#8220;What about EU agricultural policies in European countries?<\/a>&#8221; Weeding MAPs EU project CA23123 &#8211; Non-chemical weed management in medicinal and aromatic plants (MAPs) (weedingMAPs)<\/li>\n<\/ul>\n<\/div><\/div>\n\n\n\n<p><\/p>\n\n\n\n<p><\/p>\n\n\n\n<h3 class=\"wp-block-heading\"><\/h3>\n\n\n\n<h3 class=\"wp-block-heading\"><strong><mark style=\"background-color:rgba(0, 0, 0, 0)\" class=\"has-inline-color has-vivid-cyan-blue-color\"><strong><mark style=\"background-color:rgba(0, 0, 0, 0)\" class=\"has-inline-color has-vivid-cyan-blue-color\">Intervju za \u017denski.ba<\/mark><\/strong><\/mark><\/strong><\/h3>\n\n\n\n<p><a href=\"https:\/\/zenski.ba\/2020\/07\/07\/super-zena-amra-bratovcic-ogromna-cast-i-zadovoljstvo-biti-prepoznat-vani-po-kvalitetu-rada-i-biti-na-stalnoj-relaciji-eu-bih\/\" data-type=\"link\" data-id=\"https:\/\/zenski.ba\/2020\/07\/07\/super-zena-amra-bratovcic-ogromna-cast-i-zadovoljstvo-biti-prepoznat-vani-po-kvalitetu-rada-i-biti-na-stalnoj-relaciji-eu-bih\/\">SUPER \u017dENA\/AMRA BRATOV\u010cI\u0106<\/a>: \u201dOgromna \u010dast i zadovoljstvo biti prepoznat vani po kvalitetu rada i biti na stalnoj relaciji EU \u2013 BiH\u201d<\/p>\n\n\n\n<p class=\"translation-block\">Kroz ove anga\u017emane, \u017eelim da premostim jaz izme\u0111u nau\u010dnog istra\u017eivanja i razumijevanja javnosti, inspiriraju\u0107i vi\u0161e ljudi da cijene ulogu hemije i nauke o materijalima u oblikovanju budu\u0107nosti.<\/p>","protected":false},"excerpt":{"rendered":"<p>Science Communication As the lead researcher, I engage extensively with the public, media, and policymakers&hellip;<\/p>","protected":false},"author":1,"featured_media":0,"parent":0,"menu_order":0,"comment_status":"closed","ping_status":"closed","template":"","meta":{"footnotes":""},"class_list":["post-48","page","type-page","status-publish","hentry"],"_links":{"self":[{"href":"https:\/\/amrabratovcic.com\/bs\/wp-json\/wp\/v2\/pages\/48","targetHints":{"allow":["GET"]}}],"collection":[{"href":"https:\/\/amrabratovcic.com\/bs\/wp-json\/wp\/v2\/pages"}],"about":[{"href":"https:\/\/amrabratovcic.com\/bs\/wp-json\/wp\/v2\/types\/page"}],"author":[{"embeddable":true,"href":"https:\/\/amrabratovcic.com\/bs\/wp-json\/wp\/v2\/users\/1"}],"replies":[{"embeddable":true,"href":"https:\/\/amrabratovcic.com\/bs\/wp-json\/wp\/v2\/comments?post=48"}],"version-history":[{"count":16,"href":"https:\/\/amrabratovcic.com\/bs\/wp-json\/wp\/v2\/pages\/48\/revisions"}],"predecessor-version":[{"id":502,"href":"https:\/\/amrabratovcic.com\/bs\/wp-json\/wp\/v2\/pages\/48\/revisions\/502"}],"wp:attachment":[{"href":"https:\/\/amrabratovcic.com\/bs\/wp-json\/wp\/v2\/media?parent=48"}],"curies":[{"name":"wp","href":"https:\/\/api.w.org\/{rel}","templated":true}]}}